{"id":169,"date":"2022-03-22T10:28:21","date_gmt":"2022-03-22T09:28:21","guid":{"rendered":"https:\/\/vestride.com\/gilet-de-protection\/?page_id=169"},"modified":"2025-08-04T15:25:30","modified_gmt":"2025-08-04T13:25:30","slug":"vestride","status":"publish","type":"page","link":"https:\/\/vestride.com\/blog\/","title":{"rendered":"Vestride"},"content":{"rendered":"<div class=\"wpb-content-wrapper\"><p>[vc_row us_bg_image_source=\u00a0\u00bbmedia\u00a0\u00bb us_bg_image=\u00a0\u00bb306&Prime; us_bg_repeat=\u00a0\u00bbno-repeat\u00a0\u00bb us_bg_parallax=\u00a0\u00bbvertical\u00a0\u00bb us_bg_overlay_color=\u00a0\u00bblinear-gradient(150deg,rgba(51,204,204,0.60),rgba(19,21,63,0.60))\u00a0\u00bb columns_gap=\u00a0\u00bb1rem\u00a0\u00bb content_placement=\u00a0\u00bbmiddle\u00a0\u00bb columns=\u00a0\u00bb1&Prime;][vc_column width=\u00a0\u00bb1\/1&Prime;][vc_column_text css=\u00a0\u00bb%7B%22default%22%3A%7B%22color%22%3A%22%2313153f%22%2C%22font-weight%22%3A%22700%22%7D%7D\u00a0\u00bb]<\/p>\n<h1>L\u2019\u00e9quitation est un sport qui se pratique<br \/>\nen couple avec <span style=\"color: #ffffff;\">le cheval.<\/span><\/h1>\n<p>[\/vc_column_text][us_separator size=\u00a0\u00bbsmall\u00a0\u00bb][us_btn label=\u00a0\u00bbPourquoi Vestride ?\u00a0\u00bb link=\u00a0\u00bb%7B%22url%22%3A%22https%3A%5C%2F%5C%2Fvestride.com%5C%2Fgilet-de-protection%5C%2Fqui-sommes-nous%5C%2F%22%2C%22title%22%3A%22Qui%20sommes%20nous%20%3F%22%7D\u00a0\u00bb hide_with_empty_link=\u00a0\u00bb1&Prime; style=\u00a0\u00bb2&Prime; icon=\u00a0\u00bbfas|horse\u00a0\u00bb][\/vc_column][\/vc_row][vc_row height=\u00a0\u00bbmedium\u00a0\u00bb columns_gap=\u00a0\u00bb1rem\u00a0\u00bb content_placement=\u00a0\u00bbmiddle\u00a0\u00bb columns=\u00a0\u00bb1&Prime;][vc_column css=\u00a0\u00bb%7B%22default%22%3A%7B%22background-color%22%3A%22%2313153f%22%2C%22margin-top%22%3A%22-200px%22%2C%22padding-left%22%3A%222%25%22%2C%22padding-top%22%3A%222%25%22%2C%22padding-bottom%22%3A%222%25%22%2C%22padding-right%22%3A%222%25%22%7D%7D\u00a0\u00bb width=\u00a0\u00bb1\/1&Prime;][vc_row_inner columns=\u00a0\u00bb2&Prime; columns_gap=\u00a0\u00bb1rem\u00a0\u00bb content_placement=\u00a0\u00bbmiddle\u00a0\u00bb][vc_column_inner width=\u00a0\u00bb1\/2&Prime;][vc_column_text css=\u00a0\u00bb%7B%22default%22%3A%7B%22color%22%3A%22%2313153f%22%2C%22font-weight%22%3A%22700%22%7D%7D\u00a0\u00bb]<\/p>\n<h3 style=\"text-align: center;\"><span style=\"color: #ffffff;\">Pour tout savoir, <\/span><br \/>\n<span style=\"color: #ffffff;\">consultez sans attendre<br \/>\nnotre <span style=\"color: #33cccc;\"><a style=\"color: #33cccc;\" href=\"https:\/\/vestride.com\/gilet-de-protection\/foire-aux-questions\/\">foire aux questions<\/a><\/span><\/span><\/h3>\n<p>[\/vc_column_text][\/vc_column_inner][vc_column_inner width=\u00a0\u00bb1\/2&Prime;][us_btn label=\u00a0\u00bbFoire aux questions\u00a0\u00bb link=\u00a0\u00bb%7B%22url%22%3A%22https%3A%5C%2F%5C%2Fvestride.com%5C%2Fgilet-de-protection%5C%2Ffoire-aux-questions%5C%2F%22%7D\u00a0\u00bb hide_with_empty_link=\u00a0\u00bb1&Prime; style=\u00a0\u00bb3&Prime; align=\u00a0\u00bbcenter\u00a0\u00bb icon=\u00a0\u00bbfas|question\u00a0\u00bb css=\u00a0\u00bb%7B%22default%22%3A%7B%22font-size%22%3A%221rem%22%7D%7D\u00a0\u00bb][\/vc_column_inner][\/vc_row_inner][\/vc_column][\/vc_row][vc_row height=\u00a0\u00bbauto\u00a0\u00bb columns_gap=\u00a0\u00bb\u00a0\u00bb content_placement=\u00a0\u00bbmiddle\u00a0\u00bb columns=\u00a0\u00bb1&Prime;][vc_column width=\u00a0\u00bb1\/1&Prime;][us_separator size=\u00a0\u00bbsmall\u00a0\u00bb][vc_column_text css=\u00a0\u00bb%7B%22default%22%3A%7B%22text-align%22%3A%22justify%22%7D%7D\u00a0\u00bb]Vestride est le sp\u00e9cialiste de <a href=\"http:\/\/vestride.com\">l&rsquo;\u00e9quipement de protection pour cavalier sur internet<\/a>. Notre site vous propose le plus large choix de gilets de protection (airbags, coques, dorsales), de casques et d&rsquo;\u00e9triers de protection\u2026<\/p>\n<p>Vestride\u00a0s\u2019adresse \u00e0 tous les cavaliers, des plus jeunes aux moins jeunes, du d\u00e9butant au cavalier professionnel.<\/p>\n<p>La d\u00e9couverte du cheval pour le cavalier d\u00e9butant est une phase propice aux peurs et aux appr\u00e9hensions. Afin de r\u00e9duire ce sentiment, il ne faut pas h\u00e9siter \u00e0 s\u2019\u00e9quiper d\u2019un mat\u00e9riel de protection adapt\u00e9 au cavalier. Cela lui permettra d\u2019acc\u00e9l\u00e9rer l\u2019apprentissage de ce sport tout en mettant un maximum de chance de son c\u00f4t\u00e9 pour progresser rapidement en toute s\u00e9curit\u00e9.<\/p>\n<p>Chez\u00a0Vestride, nous portons autant d\u2019importance au produit qu\u2019\u00e0 la qualit\u00e9 du service que nous apportons \u00e0 nos clients. Nous portons une attention particuli\u00e8re \u00e0 vous conseiller le mieux possible, ainsi qu\u2019\u00e0 la pr\u00e9paration et \u00e0 la livraison vos colis dans les meilleurs d\u00e9lais.[\/vc_column_text][us_separator size=\u00a0\u00bbsmall\u00a0\u00bb][us_btn label=\u00a0\u00bbEn savoir\u00a0\u00bb link=\u00a0\u00bb%7B%22url%22%3A%22https%3A%5C%2F%5C%2Fvestride.com%5C%2Fgilet-de-protection%5C%2Fqui-sommes-nous%5C%2F%22%2C%22title%22%3A%22Qui%20sommes%20nous%20%3F%22%7D\u00a0\u00bb hide_with_empty_link=\u00a0\u00bb1&Prime; style=\u00a0\u00bb2&Prime; align=\u00a0\u00bbright\u00a0\u00bb icon=\u00a0\u00bbfas|plus\u00a0\u00bb iconpos=\u00a0\u00bbright\u00a0\u00bb][\/vc_column][\/vc_row][vc_row height=\u00a0\u00bbauto\u00a0\u00bb content_placement=\u00a0\u00bbmiddle\u00a0\u00bb columns=\u00a0\u00bb1&Prime;][vc_column width=\u00a0\u00bb1\/1&Prime;][us_separator size=\u00a0\u00bbsmall\u00a0\u00bb][us_grid post_type=\u00a0\u00bbus_portfolio\u00a0\u00bb taxonomy_us_portfolio_category=\u00a0\u00bbproduits\u00a0\u00bb order_invert=\u00a0\u00bb1&Prime; items_layout=\u00a0\u00bb187&Prime; columns=\u00a0\u00bb4&Prime;][\/vc_column][\/vc_row][vc_row us_bg_image_source=\u00a0\u00bbmedia\u00a0\u00bb us_bg_image=\u00a0\u00bb44&Prime; us_bg_repeat=\u00a0\u00bbno-repeat\u00a0\u00bb us_bg_parallax=\u00a0\u00bbvertical\u00a0\u00bb us_bg_overlay_color=\u00a0\u00bbrgba(19,21,63,0.70)\u00a0\u00bb columns_gap=\u00a0\u00bb1rem\u00a0\u00bb content_placement=\u00a0\u00bbmiddle\u00a0\u00bb columns=\u00a0\u00bb1&Prime;][vc_column width=\u00a0\u00bb1\/1&Prime;][us_image image=\u00a0\u00bb74&Prime; align=\u00a0\u00bbcenter\u00a0\u00bb size=\u00a0\u00bbmedium\u00a0\u00bb][\/vc_column][\/vc_row][vc_row][vc_column width=\u00a0\u00bb1\/1&Prime;][vc_row_inner][vc_column_inner width=\u00a0\u00bb1\/2&Prime;][vc_column_text][vc_custom_heading text=\u00a0\u00bbNOS ARTICLES\u00a0\u00bb font_container=\u00a0\u00bbtag:h3|text_align:left\u00a0\u00bb use_theme_fonts=\u00a0\u00bbyes\u00a0\u00bb css=\u00a0\u00bb%7B%22default%22%3A%7B%22font-weight%22%3A%22700%22%2C%22text-transform%22%3A%22uppercase%22%7D%7D\u00a0\u00bb][\/vc_column_text][\/vc_column_inner][vc_column_inner width=\u00a0\u00bb1\/2&Prime;][us_btn label=\u00a0\u00bbVoir tous nos articles\u00a0\u00bb link=\u00a0\u00bb%7B%22url%22%3A%22https%3A%2F%2Fvestride.com%2Fgilet-de-protection%2Fblog%2F%22%2C%22title%22%3A%22Nos%20articles%22%7D\u00a0\u00bb hide_with_empty_link=\u00a0\u00bb1&Prime; style=\u00a0\u00bb5&Prime; align=\u00a0\u00bbright\u00a0\u00bb][\/vc_column_inner][\/vc_row_inner][us_separator size=\u00a0\u00bbsmall\u00a0\u00bb][us_grid columns=\u00a0\u00bb4&Prime; items_gap=\u00a0\u00bb1rem\u00a0\u00bb overriding_link=\u00a0\u00bb%7B%22type%22%3A%22post%22%7D\u00a0\u00bb items_quantity=\u00a0\u00bb12&Prime;][us_separator size=\u00a0\u00bbsmall\u00a0\u00bb][\/vc_column][\/vc_row][vc_row][vc_column width=\u00a0\u00bb1\/1&Prime;][us_separator size=\u00a0\u00bbsmall\u00a0\u00bb][us_carousel post_type=\u00a0\u00bbus_testimonial\u00a0\u00bb items_quantity=\u00a0\u00bb0&Prime; items_layout=\u00a0\u00bb757&Prime; columns=\u00a0\u00bb5&Prime; carousel_arrows=\u00a0\u00bb\u00a0\u00bb carousel_dots=\u00a0\u00bb1&Prime; carousel_center=\u00a0\u00bb\u00a0\u00bb carousel_autoheight=\u00a0\u00bb\u00a0\u00bb carousel_fade=\u00a0\u00bb\u00a0\u00bb carousel_autoplay=\u00a0\u00bb1&Prime; carousel_interval=\u00a0\u00bb1s\u00a0\u00bb carousel_autoplay_smooth=\u00a0\u00bb\u00a0\u00bb breakpoint_1_cols=\u00a0\u00bb5&Prime; breakpoint_2_cols=\u00a0\u00bb3&Prime; breakpoint_3_cols=\u00a0\u00bb3&Prime;][\/vc_column][\/vc_row][vc_row][vc_column width=\u00a0\u00bb1\/1&Prime;][vc_column_text][vc_raw_html]JTVCaW5zdGFncmFtLWZlZWQlMjBmZWVkJTNEMSU1RA==[\/vc_raw_html][\/vc_column_text][\/vc_column][\/vc_row]<\/p>\n<\/div>","protected":false},"excerpt":{"rendered":"<p>[vc_row us_bg_image_source=\u00a0\u00bbmedia\u00a0\u00bb us_bg_image=\u00a0\u00bb306&Prime; us_bg_repeat=\u00a0\u00bbno-repeat\u00a0\u00bb us_bg_parallax=\u00a0\u00bbvertical\u00a0\u00bb us_bg_overlay_color=\u00a0\u00bblinear-gradient(150deg,rgba(51,204,204,0.60),rgba(19,21,63,0.60))\u00a0\u00bb columns_gap=\u00a0\u00bb1rem\u00a0\u00bb content_placement=\u00a0\u00bbmiddle\u00a0\u00bb columns=\u00a0\u00bb1&Prime;][vc_column width=\u00a0\u00bb1\/1&Prime;][vc_column_text css=\u00a0\u00bb%7B%22default%22%3A%7B%22color%22%3A%22%2313153f%22%2C%22font-weight%22%3A%22700%22%7D%7D\u00a0\u00bb] L\u2019\u00e9quitation est un sport qui se pratique en couple [&hellip;]<\/p>\n","protected":false},"author":1,"featured_media":57,"parent":0,"menu_order":0,"comment_status":"closed","ping_status":"closed","template":"","meta":{"inline_featured_image":false,"footnotes":""},"class_list":["post-169","page","type-page","status-publish","has-post-thumbnail","hentry"],"acf":[],"yoast_head":"<!-- This site is optimized with the Yoast SEO plugin v27.4 - https:\/\/yoast.com\/product\/yoast-seo-wordpress\/ -->\n<title>Blog - Vestride<\/title>\n<meta name=\"description\" content=\"Vestride est le sp\u00e9cialiste de la vente de gilet de protection. Notre site vous propose des gilets airbags, coques, dorsales et accessoires\" \/>\n<meta name=\"robots\" content=\"index, follow, max-snippet:-1, max-image-preview:large, max-video-preview:-1\" \/>\n<link rel=\"canonical\" href=\"https:\/\/vestride.com\/blog\/\" \/>\n<meta property=\"og:locale\" content=\"fr_FR\" \/>\n<meta property=\"og:type\" content=\"article\" \/>\n<meta property=\"og:title\" content=\"Blog - Vestride\" \/>\n<meta property=\"og:description\" content=\"Vestride est le sp\u00e9cialiste de la vente de gilet de protection. Notre site vous propose des gilets airbags, coques, dorsales et accessoires\" \/>\n<meta property=\"og:url\" content=\"https:\/\/vestride.com\/blog\/\" \/>\n<meta property=\"og:site_name\" content=\"Vestride\" \/>\n<meta property=\"article:modified_time\" content=\"2025-08-04T13:25:30+00:00\" \/>\n<meta property=\"og:image\" content=\"https:\/\/vestride.com\/blog\/wp-content\/uploads\/2022\/03\/VESTRIDE-logo-03.png\" \/>\n\t<meta property=\"og:image:width\" content=\"4167\" \/>\n\t<meta property=\"og:image:height\" content=\"1719\" \/>\n\t<meta property=\"og:image:type\" content=\"image\/png\" \/>\n<meta name=\"twitter:card\" content=\"summary_large_image\" \/>\n<meta name=\"twitter:label1\" content=\"Dur\u00e9e de lecture estim\u00e9e\" \/>\n\t<meta name=\"twitter:data1\" content=\"2 minutes\" \/>\n<script type=\"application\/ld+json\" class=\"yoast-schema-graph\">{\"@context\":\"https:\\\/\\\/schema.org\",\"@graph\":[{\"@type\":\"WebPage\",\"@id\":\"https:\\\/\\\/vestride.com\\\/blog\\\/\",\"url\":\"https:\\\/\\\/vestride.com\\\/blog\\\/\",\"name\":\"Blog - Vestride\",\"isPartOf\":{\"@id\":\"https:\\\/\\\/vestride.com\\\/blog\\\/#website\"},\"primaryImageOfPage\":{\"@id\":\"https:\\\/\\\/vestride.com\\\/blog\\\/#primaryimage\"},\"image\":{\"@id\":\"https:\\\/\\\/vestride.com\\\/blog\\\/#primaryimage\"},\"thumbnailUrl\":\"https:\\\/\\\/vestride.com\\\/blog\\\/wp-content\\\/uploads\\\/2022\\\/03\\\/VESTRIDE-logo-03.png\",\"datePublished\":\"2022-03-22T09:28:21+00:00\",\"dateModified\":\"2025-08-04T13:25:30+00:00\",\"description\":\"Vestride est le sp\u00e9cialiste de la vente de gilet de protection. Notre site vous propose des gilets airbags, coques, dorsales et accessoires\",\"breadcrumb\":{\"@id\":\"https:\\\/\\\/vestride.com\\\/blog\\\/#breadcrumb\"},\"inLanguage\":\"fr-FR\",\"potentialAction\":[{\"@type\":\"ReadAction\",\"target\":[\"https:\\\/\\\/vestride.com\\\/blog\\\/\"]}]},{\"@type\":\"ImageObject\",\"inLanguage\":\"fr-FR\",\"@id\":\"https:\\\/\\\/vestride.com\\\/blog\\\/#primaryimage\",\"url\":\"https:\\\/\\\/vestride.com\\\/blog\\\/wp-content\\\/uploads\\\/2022\\\/03\\\/VESTRIDE-logo-03.png\",\"contentUrl\":\"https:\\\/\\\/vestride.com\\\/blog\\\/wp-content\\\/uploads\\\/2022\\\/03\\\/VESTRIDE-logo-03.png\",\"width\":4167,\"height\":1719},{\"@type\":\"BreadcrumbList\",\"@id\":\"https:\\\/\\\/vestride.com\\\/blog\\\/#breadcrumb\",\"itemListElement\":[{\"@type\":\"ListItem\",\"position\":1,\"name\":\"Accueil\",\"item\":\"https:\\\/\\\/vestride.com\\\/blog\\\/\"},{\"@type\":\"ListItem\",\"position\":2,\"name\":\"Vestride\"}]},{\"@type\":\"WebSite\",\"@id\":\"https:\\\/\\\/vestride.com\\\/blog\\\/#website\",\"url\":\"https:\\\/\\\/vestride.com\\\/blog\\\/\",\"name\":\"Vestride\",\"description\":\"Equipement de protection pour cavalier\",\"publisher\":{\"@id\":\"https:\\\/\\\/vestride.com\\\/blog\\\/#organization\"},\"potentialAction\":[{\"@type\":\"SearchAction\",\"target\":{\"@type\":\"EntryPoint\",\"urlTemplate\":\"https:\\\/\\\/vestride.com\\\/blog\\\/?s={search_term_string}\"},\"query-input\":{\"@type\":\"PropertyValueSpecification\",\"valueRequired\":true,\"valueName\":\"search_term_string\"}}],\"inLanguage\":\"fr-FR\"},{\"@type\":\"Organization\",\"@id\":\"https:\\\/\\\/vestride.com\\\/blog\\\/#organization\",\"name\":\"Vestride\",\"url\":\"https:\\\/\\\/vestride.com\\\/blog\\\/\",\"logo\":{\"@type\":\"ImageObject\",\"inLanguage\":\"fr-FR\",\"@id\":\"https:\\\/\\\/vestride.com\\\/blog\\\/#\\\/schema\\\/logo\\\/image\\\/\",\"url\":\"https:\\\/\\\/vestride.com\\\/blog\\\/wp-content\\\/uploads\\\/2025\\\/01\\\/cropped-VESTRIDE-logos-01-scaled-1.jpg\",\"contentUrl\":\"https:\\\/\\\/vestride.com\\\/blog\\\/wp-content\\\/uploads\\\/2025\\\/01\\\/cropped-VESTRIDE-logos-01-scaled-1.jpg\",\"width\":1752,\"height\":426,\"caption\":\"Vestride\"},\"image\":{\"@id\":\"https:\\\/\\\/vestride.com\\\/blog\\\/#\\\/schema\\\/logo\\\/image\\\/\"}}]}<\/script>\n<!-- \/ Yoast SEO plugin. -->","yoast_head_json":{"title":"Blog - Vestride","description":"Vestride est le sp\u00e9cialiste de la vente de gilet de protection. Notre site vous propose des gilets airbags, coques, dorsales et accessoires","robots":{"index":"index","follow":"follow","max-snippet":"max-snippet:-1","max-image-preview":"max-image-preview:large","max-video-preview":"max-video-preview:-1"},"canonical":"https:\/\/vestride.com\/blog\/","og_locale":"fr_FR","og_type":"article","og_title":"Blog - Vestride","og_description":"Vestride est le sp\u00e9cialiste de la vente de gilet de protection. Notre site vous propose des gilets airbags, coques, dorsales et accessoires","og_url":"https:\/\/vestride.com\/blog\/","og_site_name":"Vestride","article_modified_time":"2025-08-04T13:25:30+00:00","og_image":[{"width":4167,"height":1719,"url":"https:\/\/vestride.com\/blog\/wp-content\/uploads\/2022\/03\/VESTRIDE-logo-03.png","type":"image\/png"}],"twitter_card":"summary_large_image","twitter_misc":{"Dur\u00e9e de lecture estim\u00e9e":"2 minutes"},"schema":{"@context":"https:\/\/schema.org","@graph":[{"@type":"WebPage","@id":"https:\/\/vestride.com\/blog\/","url":"https:\/\/vestride.com\/blog\/","name":"Blog - Vestride","isPartOf":{"@id":"https:\/\/vestride.com\/blog\/#website"},"primaryImageOfPage":{"@id":"https:\/\/vestride.com\/blog\/#primaryimage"},"image":{"@id":"https:\/\/vestride.com\/blog\/#primaryimage"},"thumbnailUrl":"https:\/\/vestride.com\/blog\/wp-content\/uploads\/2022\/03\/VESTRIDE-logo-03.png","datePublished":"2022-03-22T09:28:21+00:00","dateModified":"2025-08-04T13:25:30+00:00","description":"Vestride est le sp\u00e9cialiste de la vente de gilet de protection. Notre site vous propose des gilets airbags, coques, dorsales et accessoires","breadcrumb":{"@id":"https:\/\/vestride.com\/blog\/#breadcrumb"},"inLanguage":"fr-FR","potentialAction":[{"@type":"ReadAction","target":["https:\/\/vestride.com\/blog\/"]}]},{"@type":"ImageObject","inLanguage":"fr-FR","@id":"https:\/\/vestride.com\/blog\/#primaryimage","url":"https:\/\/vestride.com\/blog\/wp-content\/uploads\/2022\/03\/VESTRIDE-logo-03.png","contentUrl":"https:\/\/vestride.com\/blog\/wp-content\/uploads\/2022\/03\/VESTRIDE-logo-03.png","width":4167,"height":1719},{"@type":"BreadcrumbList","@id":"https:\/\/vestride.com\/blog\/#breadcrumb","itemListElement":[{"@type":"ListItem","position":1,"name":"Accueil","item":"https:\/\/vestride.com\/blog\/"},{"@type":"ListItem","position":2,"name":"Vestride"}]},{"@type":"WebSite","@id":"https:\/\/vestride.com\/blog\/#website","url":"https:\/\/vestride.com\/blog\/","name":"Vestride","description":"Equipement de protection pour cavalier","publisher":{"@id":"https:\/\/vestride.com\/blog\/#organization"},"potentialAction":[{"@type":"SearchAction","target":{"@type":"EntryPoint","urlTemplate":"https:\/\/vestride.com\/blog\/?s={search_term_string}"},"query-input":{"@type":"PropertyValueSpecification","valueRequired":true,"valueName":"search_term_string"}}],"inLanguage":"fr-FR"},{"@type":"Organization","@id":"https:\/\/vestride.com\/blog\/#organization","name":"Vestride","url":"https:\/\/vestride.com\/blog\/","logo":{"@type":"ImageObject","inLanguage":"fr-FR","@id":"https:\/\/vestride.com\/blog\/#\/schema\/logo\/image\/","url":"https:\/\/vestride.com\/blog\/wp-content\/uploads\/2025\/01\/cropped-VESTRIDE-logos-01-scaled-1.jpg","contentUrl":"https:\/\/vestride.com\/blog\/wp-content\/uploads\/2025\/01\/cropped-VESTRIDE-logos-01-scaled-1.jpg","width":1752,"height":426,"caption":"Vestride"},"image":{"@id":"https:\/\/vestride.com\/blog\/#\/schema\/logo\/image\/"}}]}},"_links":{"self":[{"href":"https:\/\/vestride.com\/blog\/wp-json\/wp\/v2\/pages\/169","targetHints":{"allow":["GET"]}}],"collection":[{"href":"https:\/\/vestride.com\/blog\/wp-json\/wp\/v2\/pages"}],"about":[{"href":"https:\/\/vestride.com\/blog\/wp-json\/wp\/v2\/types\/page"}],"author":[{"embeddable":true,"href":"https:\/\/vestride.com\/blog\/wp-json\/wp\/v2\/users\/1"}],"replies":[{"embeddable":true,"href":"https:\/\/vestride.com\/blog\/wp-json\/wp\/v2\/comments?post=169"}],"version-history":[{"count":192,"href":"https:\/\/vestride.com\/blog\/wp-json\/wp\/v2\/pages\/169\/revisions"}],"predecessor-version":[{"id":2685,"href":"https:\/\/vestride.com\/blog\/wp-json\/wp\/v2\/pages\/169\/revisions\/2685"}],"wp:featuredmedia":[{"embeddable":true,"href":"https:\/\/vestride.com\/blog\/wp-json\/wp\/v2\/media\/57"}],"wp:attachment":[{"href":"https:\/\/vestride.com\/blog\/wp-json\/wp\/v2\/media?parent=169"}],"curies":[{"name":"wp","href":"https:\/\/api.w.org\/{rel}","templated":true}]}}